{"id":578,"date":"2026-04-01T08:42:46","date_gmt":"2026-04-01T08:42:46","guid":{"rendered":"https:\/\/elias.4vlab.org\/?post_type=product&#038;p=578"},"modified":"2026-04-01T08:42:47","modified_gmt":"2026-04-01T08:42:47","slug":"trufas-marc-de-champagne","status":"publish","type":"product","link":"https:\/\/elias.4vlab.org\/?product=trufas-marc-de-champagne","title":{"rendered":"Trufas Marc de Champagne"},"content":{"rendered":"<p>Protegidas en exquisitas latas met\u00e1licas con forma de huevo, estas deliciosas trufas pecaminosas est\u00e1n rellenas de ganache de champ\u00e1n y cubiertas de exquisito chocolate de origen \u00fanico. Un capricho exquisito, perfecto para ocasiones especiales.<\/p>\n","protected":false},"excerpt":{"rendered":"<p>Protegidas en exquisitas latas met\u00e1licas con forma de huevo, estas deliciosas trufas pecaminosas est\u00e1n rellenas de ganache de champ\u00e1n y cubiertas de exquisito chocolate de origen \u00fanico. Un capricho exquisito, perfecto para ocasiones especiales.<\/p>\n","protected":false},"featured_media":537,"comment_status":"open","ping_status":"closed","template":"","meta":[],"product_brand":[],"product_cat":[43],"product_tag":[],"class_list":{"0":"post-578","1":"product","2":"type-product","3":"status-publish","4":"has-post-thumbnail","6":"product_cat-trufas","8":"first","9":"instock","10":"taxable","11":"shipping-taxable","12":"purchasable","13":"product-type-variable"},"_links":{"self":[{"href":"https:\/\/elias.4vlab.org\/index.php?rest_route=\/wp\/v2\/product\/578","targetHints":{"allow":["GET"]}}],"collection":[{"href":"https:\/\/elias.4vlab.org\/index.php?rest_route=\/wp\/v2\/product"}],"about":[{"href":"https:\/\/elias.4vlab.org\/index.php?rest_route=\/wp\/v2\/types\/product"}],"replies":[{"embeddable":true,"href":"https:\/\/elias.4vlab.org\/index.php?rest_route=%2Fwp%2Fv2%2Fcomments&post=578"}],"wp:featuredmedia":[{"embeddable":true,"href":"https:\/\/elias.4vlab.org\/index.php?rest_route=\/wp\/v2\/media\/537"}],"wp:attachment":[{"href":"https:\/\/elias.4vlab.org\/index.php?rest_route=%2Fwp%2Fv2%2Fmedia&parent=578"}],"wp:term":[{"taxonomy":"product_brand","embeddable":true,"href":"https:\/\/elias.4vlab.org\/index.php?rest_route=%2Fwp%2Fv2%2Fproduct_brand&post=578"},{"taxonomy":"product_cat","embeddable":true,"href":"https:\/\/elias.4vlab.org\/index.php?rest_route=%2Fwp%2Fv2%2Fproduct_cat&post=578"},{"taxonomy":"product_tag","embeddable":true,"href":"https:\/\/elias.4vlab.org\/index.php?rest_route=%2Fwp%2Fv2%2Fproduct_tag&post=578"}],"curies":[{"name":"wp","href":"https:\/\/api.w.org\/{rel}","templated":true}]}}